{"id":440,"date":"2022-02-23T19:21:28","date_gmt":"2022-02-23T19:21:28","guid":{"rendered":"https:\/\/aliciaczerniak.com\/?page_id=440"},"modified":"2022-05-06T16:17:18","modified_gmt":"2022-05-06T16:17:18","slug":"transicion","status":"publish","type":"page","link":"https:\/\/aliciaczerniak.com\/es\/transicion","title":{"rendered":"TRANSICI\u00d3N"},"content":{"rendered":"[vc_row][vc_column width=\u00bb1\/2&#8243;][vc_column_text align=\u00bbcenter\u00bb css=\u00bb.vc_custom_1650473513296{margin-bottom: 0px !important;}\u00bb]\n<h2 class=\"text-left\" style=\"text-align: center;\"><span style=\"color: #3498f0;\">TRANSICI\u00d3N<\/span><\/h2>\n<p><strong>Nuestro planeta est\u00e1 en transici\u00f3n, en evoluci\u00f3n, est\u00e1 trascendiendo.<\/strong><br \/>\nTambi\u00e9n nosotros estamos en transici\u00f3n. Ocurren muchos cambios en este momento en la Tierra. Cambios en el mundo f\u00edsico (material) y et\u00e9reo. Todo est\u00e1 trascendiendo a una nueva realidad. Nuestro campo de conciencia tambi\u00e9n se est\u00e1 expandiendo m\u00e1s y m\u00e1s.<br \/>\nLa Evoluci\u00f3n Extra-potencial se puede ver f\u00e1cilmente en la tecnolog\u00eda, pero la misma evoluci\u00f3n acelerada tambi\u00e9n ocurre en nuestra conciencia.<br \/>\nEstamos creciendo a pesar de nuestra propia resistencia a los cambios y el apego al pasado.[\/vc_column_text][\/vc_column][vc_column width=\u00bb1\/2&#8243;][vc_single_image image=\u00bb455&#8243; img_size=\u00bbfull\u00bb alignment=\u00bbcenter\u00bb][\/vc_column][\/vc_row][vc_row][vc_column][vc_empty_space height=\u00bb52px\u00bb][\/vc_column][\/vc_row][vc_row][vc_column visibility=\u00bbhidden-sm\u00bb width=\u00bb1\/3&#8243;][vc_single_image image=\u00bb453&#8243; img_size=\u00bbfull\u00bb alignment=\u00bbcenter\u00bb][\/vc_column][vc_column width=\u00bb2\/3&#8243;][vc_column_text align=\u00bbcenter\u00bb css=\u00bb.vc_custom_1645723609249{margin-bottom: 0px !important;}\u00bb]\n<h3><span style=\"color: #3498f0;\">El desaf\u00edo del Cambio<\/span><\/h3>\n<p>El apego a lo conocido y la resistencia al cambio est\u00e1n muy presentes en el ser humano.<br \/>\nPersonalmente, me ha costado mucho desaprender, olvidar, absolver<span class=\"Apple-converted-space\">\u00a0 <\/span>todo lo aprendido. Los<span class=\"Apple-converted-space\">\u00a0 <\/span>muchos a\u00f1os de estudios, el dominio del dibujo y de la<span class=\"Apple-converted-space\">\u00a0 <\/span>pintura realista, para dedicarme ahora al arte abstracto. La necesidad<span class=\"Apple-converted-space\">\u00a0 <\/span>interna de cambiar, evolucionar, era m\u00e1s fuerte\u2026<span class=\"Apple-converted-space\">\u00a0<\/span><\/p>\n<p>La Nueva Energ\u00eda presente ahora en la tierra,<span class=\"Apple-converted-space\">\u00a0 <\/span>no vibra con las viejas nostalgias,<span class=\"Apple-converted-space\">\u00a0 <\/span>las antiguas reglas<span class=\"Apple-converted-space\">\u00a0 <\/span>y<span class=\"Apple-converted-space\">\u00a0 <\/span>el estancamiento. Hay un empuje hacia el cambio, hay aceleraci\u00f3n y movimiento.<span class=\"Apple-converted-space\">\u00a0 <\/span><\/p>\n<p><span style=\"color: #3498f0;\"><b>Nuestro planeta se renueva<\/b>.<\/span><\/p>\n<p>Y yo siento la necesidad de un cambio radical en mi pintura. Tambi\u00e9n en otros aspectos de mi vida\u2026 La necesidad de expresar el movimiento, la liberaci\u00f3n y la transici\u00f3n. <span class=\"Apple-converted-space\">\u00a0 <\/span>Expresar lo que siento y no lo que s\u00e9, no lo que he aprendido, no lo que est\u00e1 en auge o considerado como supuesta \u201cvanguardia\u201d.[\/vc_column_text][\/vc_column][\/vc_row][vc_row visibility=\u00bbhidden-dt\u00bb][vc_column width=\u00bb1\/3&#8243;][vc_single_image image=\u00bb453&#8243; img_size=\u00bbfull\u00bb alignment=\u00bbcenter\u00bb][\/vc_column][vc_column width=\u00bb2\/3&#8243;][\/vc_column][\/vc_row][vc_row][vc_column][vc_empty_space height=\u00bb52px\u00bb][\/vc_column][\/vc_row][vc_row][vc_column width=\u00bb1\/2&#8243;][vc_column_text align=\u00bbcenter\u00bb css=\u00bb.vc_custom_1651853835070{margin-bottom: 0px !important;}\u00bb]\n<h3 style=\"text-align: center;\">Emergiendo del Caos<\/h3>\n<h4 style=\"text-align: center;\"><span style=\"color: #3498f0;\"> Emergiendo hacia una nueva Realidad\u2028 <\/span><\/h4>\n<p>Desde el Caos al Orden, a la Unidad y la Armon\u00eda.\u00a0Desde la Oscuridad a la Luz, la Transparencia y la Verdad.<\/p>\n<p>Apariencia, falsedad y manipulaci\u00f3n no pueden sostenerse por m\u00e1s tiempo. Sentimos la necesidad de vivir y expresar la verdad.<\/p>\n<p>Como el viejo orden ya no recibe el apoyo energ\u00e9tico, pronto tendr\u00e1 que ceder el paso al nuevo. Necesitamos ampliar nuestro campo de conciencia.[\/vc_column_text][vc_row_inner][vc_column_inner width=\u00bb1\/2&#8243;][vc_single_image image=\u00bb103&#8243; img_size=\u00bbfull\u00bb alignment=\u00bbcenter\u00bb][\/vc_column_inner][vc_column_inner width=\u00bb1\/2&#8243; offset=\u00bbvc_hidden-xs\u00bb][vc_single_image image=\u00bb110&#8243; img_size=\u00bbfull\u00bb alignment=\u00bbcenter\u00bb][\/vc_column_inner][\/vc_row_inner][\/vc_column][vc_column width=\u00bb1\/2&#8243;][vc_single_image image=\u00bb79&#8243; img_size=\u00bbfull\u00bb alignment=\u00bbcenter\u00bb][\/vc_column][\/vc_row][vc_row][vc_column][vc_empty_space height=\u00bb50px\u00bb][\/vc_column][\/vc_row][vc_row disable_element=\u00bbyes\u00bb][vc_column width=\u00bb1\/6&#8243;][\/vc_column][vc_column width=\u00bb2\/3&#8243;][vc_single_image image=\u00bb573&#8243; img_size=\u00bbfull\u00bb][\/vc_column][vc_column width=\u00bb1\/6&#8243;][\/vc_column][\/vc_row]\n","protected":false},"excerpt":{"rendered":"<p>[vc_row][vc_column width=\u00bb1\/2&#8243;][vc_column_text align=\u00bbcenter\u00bb css=\u00bb.vc_custom_1650473513296{margin-bottom: 0px !important;}\u00bb] TRANSICI\u00d3N Nuestro planeta est\u00e1 en transici\u00f3n, en evoluci\u00f3n, est\u00e1 trascendiendo. Tambi\u00e9n nosotros estamos en transici\u00f3n. Ocurren muchos cambios en este momento en la Tierra. Cambios en el mundo f\u00edsico (material) y et\u00e9reo. Todo est\u00e1 trascendiendo a una nueva realidad. Nuestro campo de conciencia tambi\u00e9n se est\u00e1 expandiendo m\u00e1s y [&hellip;]<\/p>\n","protected":false},"author":1,"featured_media":0,"parent":0,"menu_order":0,"comment_status":"closed","ping_status":"closed","template":"","meta":{"footnotes":""},"class_list":["post-440","page","type-page","status-publish","hentry"],"_links":{"self":[{"href":"https:\/\/aliciaczerniak.com\/es\/wp-json\/wp\/v2\/pages\/440","targetHints":{"allow":["GET"]}}],"collection":[{"href":"https:\/\/aliciaczerniak.com\/es\/wp-json\/wp\/v2\/pages"}],"about":[{"href":"https:\/\/aliciaczerniak.com\/es\/wp-json\/wp\/v2\/types\/page"}],"author":[{"embeddable":true,"href":"https:\/\/aliciaczerniak.com\/es\/wp-json\/wp\/v2\/users\/1"}],"replies":[{"embeddable":true,"href":"https:\/\/aliciaczerniak.com\/es\/wp-json\/wp\/v2\/comments?post=440"}],"version-history":[{"count":46,"href":"https:\/\/aliciaczerniak.com\/es\/wp-json\/wp\/v2\/pages\/440\/revisions"}],"predecessor-version":[{"id":1274,"href":"https:\/\/aliciaczerniak.com\/es\/wp-json\/wp\/v2\/pages\/440\/revisions\/1274"}],"wp:attachment":[{"href":"https:\/\/aliciaczerniak.com\/es\/wp-json\/wp\/v2\/media?parent=440"}],"curies":[{"name":"wp","href":"https:\/\/api.w.org\/{rel}","templated":true}]}}