{"id":420,"date":"2022-02-23T09:52:21","date_gmt":"2022-02-23T09:52:21","guid":{"rendered":"https:\/\/aliciaczerniak.com\/?page_id=420"},"modified":"2022-05-09T12:55:50","modified_gmt":"2022-05-09T12:55:50","slug":"bio","status":"publish","type":"page","link":"https:\/\/aliciaczerniak.com\/es\/bio","title":{"rendered":"BIO"},"content":{"rendered":"[vc_row][vc_column][vc_empty_space height=\u00bb50px\u00bb][\/vc_column][\/vc_row][vc_row][vc_column width=\u00bb2\/3&#8243;][vc_column_text css=\u00bb.vc_custom_1652100946028{margin-bottom: 0px !important;}\u00bb]Mis estudios e investigaciones propias sobre la METAF\u00cdSICA y la EVOLUCI\u00d3N humana, han cambiado profundamente mi visi\u00f3n del mundo. Mi actitud hacia la Vida y los dem\u00e1s ha influenciado a su vez la forma de expresarme en la pintura. Permiti\u00e9ndome liberarme de limitaciones, condicionamientos pasados, pensamientos \u00abenclaustrados\u00bb, reglas y \u00abverdades\u00bb impuestas.<span class=\"Apple-converted-space\">\u00a0<\/span><\/p>\n<p>Las formas se liberan, dejan de estar encerradas, encarceladas, se vuelven flexibles, cambiantes, vivas, de forma que pueden moverse y liberar su ENERG\u00cdA y su ESENCIA.<span class=\"Apple-converted-space\">\u00a0<\/span><\/p>\n<p>Necesito expresar el movimiento, la liberaci\u00f3n y la transici\u00f3n. Expresar lo que siento y no lo que s\u00e9, no lo que he aprendido, no lo que est\u00e1 en auge o considerado como supuesta \u00abvanguardia\u00bb.<span class=\"Apple-converted-space\">\u00a0<\/span>[\/vc_column_text][\/vc_column][vc_column width=\u00bb1\/3&#8243;][vc_empty_space][mk_image src=\u00bbhttps:\/\/aliciaczerniak.com\/wp-content\/uploads\/2022\/02\/ac-2022.jpg\u00bb][\/vc_column][\/vc_row][vc_row][vc_column][vc_empty_space height=\u00bb50px\u00bb][\/vc_column][\/vc_row][vc_row][vc_column width=\u00bb1\/2&#8243;][vc_column_text align=\u00bbcenter\u00bb css=\u00bb.vc_custom_1651856747303{margin-bottom: 0px !important;}\u00bb]\n<h2><strong><span style=\"color: #d30209;\">LIBERATION<\/span><\/strong><\/h2>\n<p>Encontrar nuestra Libertad, es permitir que nuestra Alma se exprese libremente.<\/p>\n<p>Liberarse de las limitaciones, del<span class=\"Apple-converted-space\">\u00a0 <\/span>acondicionamiento del pasado, de<span class=\"Apple-converted-space\">\u00a0 <\/span>pensamientos<span class=\"Apple-converted-space\">\u00a0 <\/span>\u201cenclaustrados\u201d, de las reglas y \u201cverdades\u201d impuestas, seguidas sin raz\u00f3n, sin<span class=\"Apple-converted-space\">\u00a0 <\/span>jam\u00e1s ser verificadas ni justificadas. Romper con las modas o cualquier otra imposici\u00f3n.<\/p>\n<p><b>El Alma anhela liberarse<\/b>,<br \/>\nLiberarse<span class=\"Apple-converted-space\">\u00a0 <\/span>del enceramiento dentro<span class=\"Apple-converted-space\">\u00a0 <\/span>de la forma concreta y definida.<\/p>\n<h4><strong><span style=\"color: #d30209;\">LIBERACI\u00d3N DE LA FORMA<\/span><\/strong><\/h4>\n<p>Al dejar de ejercer excesivo control sobre la FORMA, y la definici\u00f3n r\u00edgida las formas se liberan, dejan de estar encerradas, encarceladas, se vuelven flexibles, cambiantes, vivas, pueden moverse, liberar su Energ\u00eda y su Esencia.[\/vc_column_text][vc_single_image image=\u00bb528&#8243; img_size=\u00bbmedium\u00bb alignment=\u00bbcenter\u00bb][\/vc_column][vc_column width=\u00bb1\/2&#8243;][vc_single_image image=\u00bb111&#8243; img_size=\u00bbfull\u00bb css=\u00bb.vc_custom_1645724500132{margin-top: 15px !important;}\u00bb][\/vc_column][\/vc_row][vc_row][vc_column][vc_empty_space height=\u00bb50px\u00bb][\/vc_column][\/vc_row][vc_row][vc_column width=\u00bb2\/3&#8243;][vc_empty_space height=\u00bb50px\u00bb][vc_empty_space height=\u00bb50px\u00bb][vc_column_text align=\u00bbcenter\u00bb css=\u00bb.vc_custom_1651856822702{margin-bottom: 0px !important;}\u00bb]\n<h3 style=\"text-align: center;\">Comenzando en Par\u00eds<\/h3>\n<p>Despu\u00e9s de terminar sus estudios en la Academia Superior de Bellas Artes<span class=\"Apple-converted-space\">\u00a0 <\/span>de Lodz, Alicia Czerniak se traslada a Paris donde empieza su amplia y dinamica carrera artistica.[\/vc_column_text][vc_empty_space height=\u00bb50px\u00bb][\/vc_column][vc_column width=\u00bb1\/3&#8243;][vc_single_image image=\u00bb606&#8243; img_size=\u00bbfull\u00bb][\/vc_column][\/vc_row][vc_row][vc_column width=\u00bb1\/2&#8243;][vc_column_text css=\u00bb.vc_custom_1645642142096{margin-bottom: 0px !important;}\u00bb]\n<h3 class=\"text-left\">BIO<\/h3>\n<hr class=\"hr2\" \/>\n[\/vc_column_text][\/vc_column][vc_column width=\u00bb1\/2&#8243;][\/vc_column][\/vc_row][vc_row][vc_column width=\u00bb1\/2&#8243;][vc_column_text css=\u00bb.vc_custom_1645610470879{margin-bottom: 0px !important;}\u00bb]Alicia Czerniak nace en la ciudad de Bielsko-Biala en Polonia. Realiza sus primeros estudios de arte en la Escuela de Bellas Artes en Wroclaw, y a continuaci\u00f3n se traslada a la ciudad de Lodz para ampliar sus estudios en la Academia Superior de Bellas Artes. Obtiene el titulo de Licenciada en Arte con especializaci\u00f3n en varias materias: pintura, dise\u00f1o de moda y artes gr\u00e1ficas. Cursa los estudios de dibujo y pintura bajo la tutela del Profesor Lech Kunka.<\/p>\n<p>La inquietud constante por conocer el mundo la llevar\u00e1 a realizar viajes a muchos pa\u00edses y pronto se instalar\u00e1 en Par\u00eds donde vivir\u00e1 en la casa de la arist\u00f3crata Monique de Seysell y posteriormente en la Plaza Jean Baptiste Cl\u00e9ment, ambos lugares situados en un pintoresco rinc\u00f3n de Montmartre al lado del antiguo atelier de Pablo Picasso (Bateau-Lavoir)<\/p>\n<p>M\u00e1s tarde establecer\u00e1 su base en Espa\u00f1a donde actualmente reside.<br \/>\nExpone en las principales ciudades europeas como Londres, Paris, Frankfurt, Berl\u00edn, Madrid, Barcelona, as\u00ed como en Nueva York, Miami, Ciudad del Cabo, las Islas Canarias, M\u00e9jico, Tokio y Pek\u00edn, entre otras.<\/p>\n<p>Cabe destacar su exposici\u00f3n en el Museo de la Ciudad de M\u00e9jico en 1982 que fue inaugurada personalmente por el entonces gobernador, Carlos Hank Gonz\u00e1lez as\u00ed como varios ministros y otros altos cargos del gobierno. Contaba igualmente con una ampl\u00edsima cobertura en todos los medios informativos: prensa y muchos canales de TV.<\/p>\n<p>Alicia Czerniak ha conocido muchas personalidades de primera magnitud en todos los campos, de las cuales ha recibido importantes encargos, especialmente de retratos, donde demuestra un excelente dominio de la pintura realista y del dibujo. En 2009 estuvo invitada a participar en la Exposici\u00f3n de los mejores pintores retratistas de Europa en Berl\u00edn.<\/p>\n<p>Entre sus retratos figuran los del arist\u00f3crata Don Jaime de Mora y Arag\u00f3n, hermano de la Reina Fabiola de B\u00e9lgica, del Jeque Mohamed Ashmawi y de su familia, del Presidente del Congo Brazzaville Don Denis Sassou y de su familia, del Rey Fand de Arabia Saudita, entre otros&#8230;<\/p>\n<p>Su personalidad siempre \u00e1vida de conocimiento la lleva en 1997 nuevamente a EEUU para emprender estudios en la Summit University of Luisiana donde obtiene el t\u00edtulo de M\u00e1ster en Ciencia en la modalidad de Psicolog\u00eda Transpersonal.[\/vc_column_text][\/vc_column][vc_column width=\u00bb1\/2&#8243;][vc_column_text css=\u00bb.vc_custom_1645643512078{margin-bottom: 0px !important;}\u00bb]Sus amplios estudios en el campo de la Metaf\u00edsica as\u00ed como investigaciones propias la llevan a escribir y publicar varios trabajos propios en esta materia: \u00abMetaphysics and Emotional Health\u00bb, \u00abChasing flows\u00bb, \u00abEl incalculable Poder de las Emociones\u00bb y otros.<\/p>\n<p>Su obra toca el alma.<\/p>\n<p><em>Como dijo Eugenia Gutierrez: &#8230;La obra de Alicia Czerniak tiene alma. Sus lienzos de gran formato y de estilo abstracto transmiten una fuerza y una energ\u00eda plenas de simbolismo; son como una espiral envolvente con un equilibrio crom\u00e1tico lleno de vida. Cada uno de ellos es una ocasi\u00f3n de meditaci\u00f3n, motivo para adentrarse en uno mismo de modo que, al dejarse llevar por esa espiral ascendente, el coraz\u00f3n se llene de vida y energ\u00eda <\/em><\/p>\n<p><em>&#8230;La presentaci\u00f3n de los \u00faltimos lienzos de Alicia Czerniak ofrece una nueva mirada creativa y una libertad de expresi\u00f3n llenos de movimientos y energ\u00eda que reflejan el espejo del alma&#8230; <\/em><\/p>\n<p><em>Stella Kalinina <\/em><\/p>\n<p>De la obra de Alicia Czerniak se desprende libertad y espiritualidad. La libertaddeunapinceladavigorosaygestual, pero representativaala vez.<br \/>\nSu obra comunica y expresa esa idea de apertura hacia lo c\u00f3smico con una energ\u00eda que trasciende las fronteras del lienzo.<\/p>\n<p>A trav\u00e9s de una gama crom\u00e1tica pulcra, primaria e intensa, Alicia Czerniak nos introduce en su universo pict\u00f3rico con una audacia que casi estremece. La contenci\u00f3n y el orden de sus primeras obras desembocan de una manera evidente en el predominio mat\u00e9rico y en un movimiento y dinamismo libres y sin complejos.<br \/>\nLa obra de Alicia Czerniak supone una manera personal y diferente de enfrentarse al acto de creaci\u00f3n pict\u00f3rica y aunque nos traslada a la memoria del expresionismo abstracto, su lirismo y su poes\u00eda nos introducen en un mundo creativo \u00fanico y singular.<\/p>\n<p>Una espl\u00e9ndida lecci\u00f3n de c\u00f3mo la sencillez de las formas puede conducir tambi\u00e9n a la belleza y a la reflexi\u00f3n m\u00e1s profunda.<\/p>\n<blockquote><p><em>\u00c1ngeles Hinojosa Tenllado<br \/>\n<\/em><\/p>\n<div class=\"txt-10\"><em>Antigua Curadora del Museo Nacional Reina Sof\u00eda (MNCARS) en Madrid,\u00a0Doctorado de Investigaci\u00f3n en Arte y Creaci\u00f3n<\/em><\/div>\n<\/blockquote>\n[\/vc_column_text][\/vc_column][\/vc_row]\n","protected":false},"excerpt":{"rendered":"<p>[vc_row][vc_column][vc_empty_space height=\u00bb50px\u00bb][\/vc_column][\/vc_row][vc_row][vc_column width=\u00bb2\/3&#8243;][vc_column_text css=\u00bb.vc_custom_1652100946028{margin-bottom: 0px !important;}\u00bb]Mis estudios e investigaciones propias sobre la METAF\u00cdSICA y la EVOLUCI\u00d3N humana, han cambiado profundamente mi visi\u00f3n del mundo. Mi actitud hacia la Vida y los dem\u00e1s ha influenciado a su vez la forma de expresarme en la pintura. Permiti\u00e9ndome liberarme de limitaciones, condicionamientos pasados, pensamientos \u00abenclaustrados\u00bb, reglas y \u00abverdades\u00bb [&hellip;]<\/p>\n","protected":false},"author":1,"featured_media":339,"parent":0,"menu_order":0,"comment_status":"closed","ping_status":"closed","template":"","meta":{"footnotes":""},"class_list":["post-420","page","type-page","status-publish","has-post-thumbnail","hentry"],"_links":{"self":[{"href":"https:\/\/aliciaczerniak.com\/es\/wp-json\/wp\/v2\/pages\/420","targetHints":{"allow":["GET"]}}],"collection":[{"href":"https:\/\/aliciaczerniak.com\/es\/wp-json\/wp\/v2\/pages"}],"about":[{"href":"https:\/\/aliciaczerniak.com\/es\/wp-json\/wp\/v2\/types\/page"}],"author":[{"embeddable":true,"href":"https:\/\/aliciaczerniak.com\/es\/wp-json\/wp\/v2\/users\/1"}],"replies":[{"embeddable":true,"href":"https:\/\/aliciaczerniak.com\/es\/wp-json\/wp\/v2\/comments?post=420"}],"version-history":[{"count":48,"href":"https:\/\/aliciaczerniak.com\/es\/wp-json\/wp\/v2\/pages\/420\/revisions"}],"predecessor-version":[{"id":1290,"href":"https:\/\/aliciaczerniak.com\/es\/wp-json\/wp\/v2\/pages\/420\/revisions\/1290"}],"wp:featuredmedia":[{"embeddable":true,"href":"https:\/\/aliciaczerniak.com\/es\/wp-json\/wp\/v2\/media\/339"}],"wp:attachment":[{"href":"https:\/\/aliciaczerniak.com\/es\/wp-json\/wp\/v2\/media?parent=420"}],"curies":[{"name":"wp","href":"https:\/\/api.w.org\/{rel}","templated":true}]}}