{"id":27,"date":"2022-01-11T13:34:39","date_gmt":"2022-01-11T13:34:39","guid":{"rendered":"https:\/\/aliciaczerniak.com\/?page_id=27"},"modified":"2023-03-18T14:09:42","modified_gmt":"2023-03-18T14:09:42","slug":"contacto","status":"publish","type":"page","link":"https:\/\/aliciaczerniak.com\/es\/contacto","title":{"rendered":"CONTACTO"},"content":{"rendered":"[vc_row][vc_column][vc_column_text align=\u00bbcenter\u00bb css=\u00bb.vc_custom_1645726450471{margin-bottom: 0px !important;}\u00bb]\n<h3>Contacto<\/h3>\n<address>\u00a0<\/address>\n[\/vc_column_text][vc_custom_heading text=\u00bbLa obra de Alicia Czerniak puede ser vista despu\u00e9s de concertar una cita previa.\u00bb font_container=\u00bbtag:p|font_size:15|text_align:center\u00bb google_fonts=\u00bbfont_family:Open%20Sans%3A300%2C300italic%2Cregular%2Citalic%2C600%2C600italic%2C700%2C700italic%2C800%2C800italic|font_style:400%20regular%3A400%3Anormal\u00bb][vc_row_inner][vc_column_inner width=\u00bb1\/4&#8243;][\/vc_column_inner][vc_column_inner width=\u00bb1\/2&#8243;][mk_image src=\u00bbhttps:\/\/aliciaczerniak.com\/wp-content\/uploads\/2022\/02\/ac-2022.jpg\u00bb align=\u00bbcenter\u00bb][\/vc_column_inner][vc_column_inner width=\u00bb1\/4&#8243;][\/vc_column_inner][\/vc_row_inner][vc_column_text align=\u00bbcenter\u00bb css=\u00bb.vc_custom_1679148579922{margin-bottom: 0px !important;}\u00bb]\n<h6><\/h6>\n<address><strong>Mov:<\/strong> 0034 650455734<br \/>\n<strong>E-mail:<\/strong> <a href=\"mailto:info@aliciaczerniak.com\">info[a]aliciaczerniak.com <\/a><\/address>\n[\/vc_column_text][mk_social_networks size=\u00bblarge\u00bb align=\u00bbcenter\u00bb facebook=\u00bbhttps:\/\/www.facebook.com\/Alicia-Czerniak-Painter-207010536031693\/\u00bb instagram=\u00bbhttps:\/\/www.instagram.com\/alicia_czerniak_\/\u00bb youtube=\u00bbhttps:\/\/www.youtube.com\/channel\/UC2DUUSht7xfeZIxSIRlPewg\u00bb][vc_separator el_width=\u00bb20&#8243;][vc_column_text align=\u00bbcenter\u00bb css=\u00bb.vc_custom_1650467895392{margin-bottom: 0px !important;}\u00bb]<a href=\"https:\/\/www.instagram.com\/ac.well_being\/\">Wellbeing Center<\/a>[\/vc_column_text][\/vc_column][\/vc_row][vc_row disable_element=\u00bbyes\u00bb][vc_column width=\u00bb1\/2&#8243;][vc_column_text css=\u00bb.vc_custom_1642596161721{margin-bottom: 0px !important;}\u00bb]\n<h3 class=\"text-left\">Alicia Czerniak<\/h3>\n<hr class=\"hr2\" \/>\n<p>Alicia Czerniak nace en la ciudad de Bielsko-Biala en Polonia.Realiza sus primeros estudios de arte en la Escuela de Bellas Artes en Wroclaw, y a continuaci\u00f3n se traslada a la ciudad de Lodz para ampliar sus estudios en la Academia Superior de Bellas Artes. Obtiene el titulo de Licenciada en Arte con especializaci\u00f3n en varias materias: pintura, dise\u00f1o de moda y artes gr\u00e1ficas. Cursa los estudios de dibujo y pintura bajo la tutela del Profesor Lech Kunka.<\/p>\n<p>La inquietud constante por conocer el mundo la llevar\u00e1 a realizar viajes a muchos pa\u00edses y pronto se instalar\u00e1 en Par\u00eds donde vivir\u00e1 en la casa de la arist\u00f3crata Monique de Seysell y posteriormente en la Plaza Jean Baptiste Cl\u00e9ment, ambos lugares situados en un pintoresco rinc\u00f3n de Montmartre al lado del antiguo atelier de Pablo Picasso (Bateau-Lavoir) \u2026<\/p>\n<p>M\u00e1s tarde establecer\u00e1 su base en Espa\u00f1a donde actualmente reside.<\/p>\n<p>Expone en las principales ciudades europeas como Londres, Paris, Frankfurt, Berl\u00edn, Madrid, Barcelona, as\u00ed como en Nueva York, Miami, Ciudad del Cabo, las Islas Canarias, M\u00e9jico, Tokio y Pek\u00edn, entre otras\u2026<\/p>\n<p>Cabe destacar su exposici\u00f3n en el Museo de la Ciudad de M\u00e9jico en 1982 que fue inaugurada personalmente por el entonces gobernador, Carlos Hank Gonz\u00e1lez as\u00ed como varios ministros y otros altos cargos del gobierno. Contaba igualmente con una ampl\u00edsima cobertura en todos los medios informativos: prensa y muchos canales de TV.<\/p>\n<p>Alicia Czerniak ha conocido muchas personalidades de primera magnitud en todos los campos, de las cuales ha recibido importantes encargos, especialmente de retratos, donde demuestra un excelente dominio de la pintura realista y del dibujo. En 2009 estuvo invitada a participar en la Exposici\u00f3n de los mejores pintores retratistas de Europa en Berl\u00edn.<\/p>\n<p>Entre sus retratos figuran los del arist\u00f3crata Don Jaime de Mora y Arag\u00f3n, hermano de la Reina Fabiola de B\u00e9lgica, del Jeque Mohamed Ashmawi y de su familia, del Presidente del Congo Brazzaville Don Denis Sassou y de su familia, del Rey Fahd de Arabia Saudita, entre otros\u2026<\/p>\n<p>Su personalidad siempre \u00e1vida de conocimiento la lleva en 1997 nuevamente a EEUU para emprender estudios en la Summit University of Luisiana donde obtiene el t\u00edtulo de M\u00e1ster en Ciencia en la modalidad de Psicolog\u00eda Transpersonal.<\/p>\n<p>Sus amplios estudios en el campo de la Metaf\u00edsica as\u00ed como investigaciones propias la llevan a escribir y publicar varios trabajos propios en esta materia: \u201cMetaphysics and Emotional Health\u201d, \u201cChasing flows\u201d, \u201cEl incalculable Poder de las Emociones\u201d y otros.<\/p>\n<p>Su obra toca el alma.[\/vc_column_text][\/vc_column][vc_column width=\u00bb1\/2&#8243;][vc_column_text css=\u00bb.vc_custom_1645726202108{margin-bottom: 0px !important;}\u00bb]\n<h3 class=\"text-left\">Contacto<\/h3>\n<hr class=\"hr2\" \/>\n<address>\u00a0<\/address>\n[\/vc_column_text][mk_image src=\u00bbhttps:\/\/aliciaczerniak.com\/wp-content\/uploads\/2022\/02\/ac-2022.jpg\u00bb][vc_column_text css=\u00bb.vc_custom_1645726279720{margin-bottom: 0px !important;}\u00bb]\n<h6>La obra de Alicia Czerniak puede ser vista despu\u00e9s de concertar una cita previa.<\/h6>\n<p>&nbsp;<\/p>\n<address><span class=\"glyphicon glyphicon-phone\">\u00a0<\/span><strong>Mov:<\/strong> +34 650 455 734<br \/>\n<span class=\"glyphicon glyphicon-envelope\">\u00a0<\/span><strong>E-mail:<\/strong> <a href=\"mailto:info@aliciaczerniak.com\">info@aliciaczerniak.com <\/a><\/address>\n[\/vc_column_text][\/vc_column][\/vc_row]\n","protected":false},"excerpt":{"rendered":"<p>[vc_row][vc_column][vc_column_text align=\u00bbcenter\u00bb css=\u00bb.vc_custom_1645726450471{margin-bottom: 0px !important;}\u00bb] Contacto \u00a0 [\/vc_column_text][vc_custom_heading text=\u00bbLa obra de Alicia Czerniak puede ser vista despu\u00e9s de concertar una cita previa.\u00bb font_container=\u00bbtag:p|font_size:15|text_align:center\u00bb google_fonts=\u00bbfont_family:Open%20Sans%3A300%2C300italic%2Cregular%2Citalic%2C600%2C600italic%2C700%2C700italic%2C800%2C800italic|font_style:400%20regular%3A400%3Anormal\u00bb][vc_row_inner][vc_column_inner width=\u00bb1\/4&#8243;][\/vc_column_inner][vc_column_inner width=\u00bb1\/2&#8243;][mk_image src=\u00bbhttps:\/\/aliciaczerniak.com\/wp-content\/uploads\/2022\/02\/ac-2022.jpg\u00bb align=\u00bbcenter\u00bb][\/vc_column_inner][vc_column_inner width=\u00bb1\/4&#8243;][\/vc_column_inner][\/vc_row_inner][vc_column_text align=\u00bbcenter\u00bb css=\u00bb.vc_custom_1679148579922{margin-bottom: 0px !important;}\u00bb] Mov: 0034 650455734 E-mail: info[a]aliciaczerniak.com [\/vc_column_text][mk_social_networks size=\u00bblarge\u00bb align=\u00bbcenter\u00bb facebook=\u00bbhttps:\/\/www.facebook.com\/Alicia-Czerniak-Painter-207010536031693\/\u00bb instagram=\u00bbhttps:\/\/www.instagram.com\/alicia_czerniak_\/\u00bb youtube=\u00bbhttps:\/\/www.youtube.com\/channel\/UC2DUUSht7xfeZIxSIRlPewg\u00bb][vc_separator el_width=\u00bb20&#8243;][vc_column_text align=\u00bbcenter\u00bb css=\u00bb.vc_custom_1650467895392{margin-bottom: 0px !important;}\u00bb]Wellbeing Center[\/vc_column_text][\/vc_column][\/vc_row][vc_row disable_element=\u00bbyes\u00bb][vc_column width=\u00bb1\/2&#8243;][vc_column_text css=\u00bb.vc_custom_1642596161721{margin-bottom: 0px !important;}\u00bb] [&hellip;]<\/p>\n","protected":false},"author":1,"featured_media":135,"parent":0,"menu_order":0,"comment_status":"closed","ping_status":"closed","template":"","meta":{"footnotes":""},"class_list":["post-27","page","type-page","status-publish","has-post-thumbnail","hentry"],"_links":{"self":[{"href":"https:\/\/aliciaczerniak.com\/es\/wp-json\/wp\/v2\/pages\/27","targetHints":{"allow":["GET"]}}],"collection":[{"href":"https:\/\/aliciaczerniak.com\/es\/wp-json\/wp\/v2\/pages"}],"about":[{"href":"https:\/\/aliciaczerniak.com\/es\/wp-json\/wp\/v2\/types\/page"}],"author":[{"embeddable":true,"href":"https:\/\/aliciaczerniak.com\/es\/wp-json\/wp\/v2\/users\/1"}],"replies":[{"embeddable":true,"href":"https:\/\/aliciaczerniak.com\/es\/wp-json\/wp\/v2\/comments?post=27"}],"version-history":[{"count":27,"href":"https:\/\/aliciaczerniak.com\/es\/wp-json\/wp\/v2\/pages\/27\/revisions"}],"predecessor-version":[{"id":1370,"href":"https:\/\/aliciaczerniak.com\/es\/wp-json\/wp\/v2\/pages\/27\/revisions\/1370"}],"wp:featuredmedia":[{"embeddable":true,"href":"https:\/\/aliciaczerniak.com\/es\/wp-json\/wp\/v2\/media\/135"}],"wp:attachment":[{"href":"https:\/\/aliciaczerniak.com\/es\/wp-json\/wp\/v2\/media?parent=27"}],"curies":[{"name":"wp","href":"https:\/\/api.w.org\/{rel}","templated":true}]}}