{"id":225,"date":"2022-01-27T12:12:05","date_gmt":"2022-01-27T12:12:05","guid":{"rendered":"https:\/\/aliciaczerniak.com\/?page_id=225"},"modified":"2022-04-20T17:04:24","modified_gmt":"2022-04-20T17:04:24","slug":"retro-mix","status":"publish","type":"page","link":"https:\/\/aliciaczerniak.com\/es\/retro-mix","title":{"rendered":"Retro Mix"},"content":{"rendered":"[vc_row][vc_column width=\u00bb1\/3&#8243;][vc_empty_space height=\u00bb62px\u00bb][vc_column_text css=\u00bb.vc_custom_1650474255928{margin-bottom: 0px !important;}\u00bb]\n<p><strong>Alicia Czerniak<\/strong> experiment\u00f3 en los inicios de su trayectoria art\u00edstica con diferentes t\u00e9cnicas pict\u00f3ricas, expres\u00e1ndose con mucha fluidez en cualquier tipo de pintura realista.[\/vc_column_text][vc_single_image image=\u00bb726&#8243; img_size=\u00bbfull\u00bb alignment=\u00bbcenter\u00bb][\/vc_column][vc_column width=\u00bb2\/3&#8243;][mk_gallery images=\u00bb226,227,228,712,716,744,717,233,722,714,721,723,719,715,720,718&#8243; column=\u00bb4&#8243; image_size=\u00bblarge\u00bb orderby=\u00bbpost__in\u00bb][\/vc_column][\/vc_row]\n","protected":false},"excerpt":{"rendered":"<p>[vc_row][vc_column width=\u00bb1\/3&#8243;][vc_empty_space height=\u00bb62px\u00bb][vc_column_text css=\u00bb.vc_custom_1650474255928{margin-bottom: 0px !important;}\u00bb] Alicia Czerniak experiment\u00f3 en los inicios de su trayectoria art\u00edstica con diferentes t\u00e9cnicas pict\u00f3ricas, expres\u00e1ndose con mucha fluidez en cualquier tipo de pintura realista.[\/vc_column_text][vc_single_image image=\u00bb726&#8243; img_size=\u00bbfull\u00bb alignment=\u00bbcenter\u00bb][\/vc_column][vc_column width=\u00bb2\/3&#8243;][mk_gallery images=\u00bb226,227,228,712,716,744,717,233,722,714,721,723,719,715,720,718&#8243; column=\u00bb4&#8243; image_size=\u00bblarge\u00bb orderby=\u00bbpost__in\u00bb][\/vc_column][\/vc_row]<\/p>\n","protected":false},"author":1,"featured_media":726,"parent":0,"menu_order":0,"comment_status":"closed","ping_status":"closed","template":"","meta":{"footnotes":""},"class_list":["post-225","page","type-page","status-publish","has-post-thumbnail","hentry"],"_links":{"self":[{"href":"https:\/\/aliciaczerniak.com\/es\/wp-json\/wp\/v2\/pages\/225","targetHints":{"allow":["GET"]}}],"collection":[{"href":"https:\/\/aliciaczerniak.com\/es\/wp-json\/wp\/v2\/pages"}],"about":[{"href":"https:\/\/aliciaczerniak.com\/es\/wp-json\/wp\/v2\/types\/page"}],"author":[{"embeddable":true,"href":"https:\/\/aliciaczerniak.com\/es\/wp-json\/wp\/v2\/users\/1"}],"replies":[{"embeddable":true,"href":"https:\/\/aliciaczerniak.com\/es\/wp-json\/wp\/v2\/comments?post=225"}],"version-history":[{"count":16,"href":"https:\/\/aliciaczerniak.com\/es\/wp-json\/wp\/v2\/pages\/225\/revisions"}],"predecessor-version":[{"id":873,"href":"https:\/\/aliciaczerniak.com\/es\/wp-json\/wp\/v2\/pages\/225\/revisions\/873"}],"wp:featuredmedia":[{"embeddable":true,"href":"https:\/\/aliciaczerniak.com\/es\/wp-json\/wp\/v2\/media\/726"}],"wp:attachment":[{"href":"https:\/\/aliciaczerniak.com\/es\/wp-json\/wp\/v2\/media?parent=225"}],"curies":[{"name":"wp","href":"https:\/\/api.w.org\/{rel}","templated":true}]}}