{"id":178,"date":"2022-01-19T16:37:01","date_gmt":"2022-01-19T16:37:01","guid":{"rendered":"https:\/\/aliciaczerniak.com\/?page_id=178"},"modified":"2022-04-20T17:01:29","modified_gmt":"2022-04-20T17:01:29","slug":"retratos","status":"publish","type":"page","link":"https:\/\/aliciaczerniak.com\/es\/retratos","title":{"rendered":"RETRATOS"},"content":{"rendered":"[vc_row][vc_column width=\u00bb1\/3&#8243;][vc_empty_space height=\u00bb62px\u00bb][vc_column_text css=\u00bb.vc_custom_1650474025483{margin-bottom: 0px !important;}\u00bb]<strong>Alicia Czerniak<\/strong> ha conocido muchas personalidades de primera magnitud en todos los campos, de las cuales ha recibido importantes encargos, especialmente de retratos, donde demuestra un excelente dominio de la pintura realista y del dibujo. En 2009 estuvo invitada a participar en la Exposici\u00f3n de los mejores pintores retratistas de Europa en Berl\u00edn.<\/p>\n<p>Entre sus retratos figuran los del arist\u00f3crata Don Jaime de Mora y Arag\u00f3n, hermano de la Reina Fabiola de B\u00e9lgica, del Jeque Mohamed Ashmawi y de su familia, del Presidente del Congo Brazzaville Don Denis Sassou y de su familia, del Rey Fahd de Arabia Saudita, entre otros..[\/vc_column_text][\/vc_column][vc_column width=\u00bb2\/3&#8243;][vc_column_text align=\u00bbcenter\u00bb css=\u00bb.vc_custom_1650474087862{margin-bottom: 0px !important;}\u00bb]\n<h3 class=\"text-left\" style=\"text-align: center;\">Retratos<\/h3>\n[\/vc_column_text][mk_gallery images=\u00bb185,182,184,205,208,199,196,200,207,181,189,204,210,202,203,201,206,183,214,197,198,194,193,211&#8243; column=\u00bb4&#8243; image_size=\u00bbfull\u00bb item_spacing=\u00bb30&#8243; collection_title=\u00bbRetratos\u00bb orderby=\u00bbpost__in\u00bb data-fancybox=\u00bbvideo-gallery\u00bb][\/vc_column][\/vc_row][vc_row][vc_column][\/vc_column][\/vc_row]\n","protected":false},"excerpt":{"rendered":"<p>[vc_row][vc_column width=\u00bb1\/3&#8243;][vc_empty_space height=\u00bb62px\u00bb][vc_column_text css=\u00bb.vc_custom_1650474025483{margin-bottom: 0px !important;}\u00bb]Alicia Czerniak ha conocido muchas personalidades de primera magnitud en todos los campos, de las cuales ha recibido importantes encargos, especialmente de retratos, donde demuestra un excelente dominio de la pintura realista y del dibujo. En 2009 estuvo invitada a participar en la Exposici\u00f3n de los mejores pintores retratistas de [&hellip;]<\/p>\n","protected":false},"author":1,"featured_media":0,"parent":0,"menu_order":0,"comment_status":"closed","ping_status":"closed","template":"","meta":{"footnotes":""},"class_list":["post-178","page","type-page","status-publish","hentry"],"_links":{"self":[{"href":"https:\/\/aliciaczerniak.com\/es\/wp-json\/wp\/v2\/pages\/178","targetHints":{"allow":["GET"]}}],"collection":[{"href":"https:\/\/aliciaczerniak.com\/es\/wp-json\/wp\/v2\/pages"}],"about":[{"href":"https:\/\/aliciaczerniak.com\/es\/wp-json\/wp\/v2\/types\/page"}],"author":[{"embeddable":true,"href":"https:\/\/aliciaczerniak.com\/es\/wp-json\/wp\/v2\/users\/1"}],"replies":[{"embeddable":true,"href":"https:\/\/aliciaczerniak.com\/es\/wp-json\/wp\/v2\/comments?post=178"}],"version-history":[{"count":24,"href":"https:\/\/aliciaczerniak.com\/es\/wp-json\/wp\/v2\/pages\/178\/revisions"}],"predecessor-version":[{"id":871,"href":"https:\/\/aliciaczerniak.com\/es\/wp-json\/wp\/v2\/pages\/178\/revisions\/871"}],"wp:attachment":[{"href":"https:\/\/aliciaczerniak.com\/es\/wp-json\/wp\/v2\/media?parent=178"}],"curies":[{"name":"wp","href":"https:\/\/api.w.org\/{rel}","templated":true}]}}