{"id":17,"date":"2022-01-11T11:04:00","date_gmt":"2022-01-11T11:04:00","guid":{"rendered":"https:\/\/aliciaczerniak.com\/?page_id=17"},"modified":"2022-04-20T17:34:36","modified_gmt":"2022-04-20T17:34:36","slug":"exposiciones-coleccion","status":"publish","type":"page","link":"https:\/\/aliciaczerniak.com\/es\/exposiciones-coleccion","title":{"rendered":"EXPOSICIONES &#038; COLECCI\u00d3N"},"content":{"rendered":"[vc_row][vc_column width=\u00bb1\/3&#8243;][vc_empty_space height=\u00bb62px\u00bb][vc_column_text css=\u00bb.vc_custom_1642595564345{margin-bottom: 0px !important;}\u00bb]\n<h3 class=\"text-left\">Exposiciones<\/h3>\n<hr class=\"hr2\" \/>\n<p>Alicia Czerniak es ganadora de varios premios internacionales.<br \/>\nEl arte de Alicia Czerniak ha sido expuesto en numerosas galer\u00edas de prestigio en casi todos los pa\u00edses Europeos, as\u00ed como en: New York, Boston, China, Jap\u00f3n, Mexico City, Korea o Sud\u00e1frica, tambi\u00e9n en muchos museos:<\/p>\n<p>Museum of Art Kyoto (Jap\u00f3n),<br \/>\nMuseum Tokio: National Art Center (Jap\u00f3n),<br \/>\nMuseum of the City of Mexico,<br \/>\nArt Museum Hiroshima (Jap\u00f3n),<br \/>\nMuseum of post Modern Art Soho, New York (USA),<br \/>\nMuseum in Soria (Spain),<br \/>\nMuseum NECCA (USA).<br \/>\nMuseum de Colon Las Palmas (Spain).<\/p>\n<hr class=\"hr2\" \/>\n[\/vc_column_text][mk_gallery images=\u00bb855,854&#8243; column=\u00bb4&#8243; height=\u00bb300&#8243; margin_bottom=\u00bb0&#8243; orderby=\u00bbpost__in\u00bb][vc_column_text css=\u00bb.vc_custom_1650475271876{margin-bottom: 0px !important;}\u00bb]\n<h3>Colecciones Privadas<\/h3>\n<hr class=\"hr2\" \/>\n<ul>\n<li>Sir. Donald Visconti (USA)<\/li>\n<li>Countess Monique de Seyssel (France)<\/li>\n<li>Sheik Mohamed Ashmawi<\/li>\n<li>Sir Jaime de Mora y Aragon, marquis of Casa Riera and Aragon<\/li>\n<li>Sires. Monica and Detief Kloss (Germany)<\/li>\n<li>Prince Michael von Anhalt (Germany)<\/li>\n<li>Mr. Adnan Kashoggi<\/li>\n<li>Mr. Gert Gordon Steinger (Germany)<\/li>\n<li>Spanish celebrity: Antonio (Madrid)<\/li>\n<li>Mm. Maria Buchinger (owner of Buchinger Clinics)<\/li>\n<li>Don Francisco Lata Rios (Madrid)<\/li>\n<li>Mr. Elias A. Panagakos (Grece)<\/li>\n<li>Mr. Theo Mentel (Holand)<\/li>\n<li>Mm. Elizabeth Sogno (Holand)<\/li>\n<li>President of Congo Brazzaville Mr. Denis Sassou Nguesso<\/li>\n<li>Mr. Dawid Bermona (London)<\/li>\n<li>and many more &#8230;<\/li>\n<\/ul>\n[\/vc_column_text][\/vc_column][vc_column width=\u00bb2\/3&#8243;][vc_column_text css=\u00bb.vc_custom_1647449452523{margin-bottom: 0px !important;}\u00bb]\n<h3 class=\"text-left\" style=\"text-align: center;\">Eventos Sociales<\/h3>\n[\/vc_column_text][vc_single_image image=\u00bb129&#8243; img_size=\u00bbfull\u00bb alignment=\u00bbcenter\u00bb][vc_empty_space][vc_column_text css=\u00bb.vc_custom_1647449945415{margin-bottom: 0px !important;}\u00bb]\n<h3 style=\"text-align: center;\">Amigos, Lugares &amp; Eventos<\/h3>\n[\/vc_column_text][mk_gallery images=\u00bb124,125,127,128&#8243; column=\u00bb4&#8243; height=\u00bb300&#8243;][\/vc_column][\/vc_row]\n","protected":false},"excerpt":{"rendered":"<p>[vc_row][vc_column width=\u00bb1\/3&#8243;][vc_empty_space height=\u00bb62px\u00bb][vc_column_text css=\u00bb.vc_custom_1642595564345{margin-bottom: 0px !important;}\u00bb] Exposiciones Alicia Czerniak es ganadora de varios premios internacionales. El arte de Alicia Czerniak ha sido expuesto en numerosas galer\u00edas de prestigio en casi todos los pa\u00edses Europeos, as\u00ed como en: New York, Boston, China, Jap\u00f3n, Mexico City, Korea o Sud\u00e1frica, tambi\u00e9n en muchos museos: Museum of Art Kyoto [&hellip;]<\/p>\n","protected":false},"author":1,"featured_media":132,"parent":0,"menu_order":0,"comment_status":"closed","ping_status":"closed","template":"","meta":{"footnotes":""},"class_list":["post-17","page","type-page","status-publish","has-post-thumbnail","hentry"],"_links":{"self":[{"href":"https:\/\/aliciaczerniak.com\/es\/wp-json\/wp\/v2\/pages\/17","targetHints":{"allow":["GET"]}}],"collection":[{"href":"https:\/\/aliciaczerniak.com\/es\/wp-json\/wp\/v2\/pages"}],"about":[{"href":"https:\/\/aliciaczerniak.com\/es\/wp-json\/wp\/v2\/types\/page"}],"author":[{"embeddable":true,"href":"https:\/\/aliciaczerniak.com\/es\/wp-json\/wp\/v2\/users\/1"}],"replies":[{"embeddable":true,"href":"https:\/\/aliciaczerniak.com\/es\/wp-json\/wp\/v2\/comments?post=17"}],"version-history":[{"count":15,"href":"https:\/\/aliciaczerniak.com\/es\/wp-json\/wp\/v2\/pages\/17\/revisions"}],"predecessor-version":[{"id":875,"href":"https:\/\/aliciaczerniak.com\/es\/wp-json\/wp\/v2\/pages\/17\/revisions\/875"}],"wp:featuredmedia":[{"embeddable":true,"href":"https:\/\/aliciaczerniak.com\/es\/wp-json\/wp\/v2\/media\/132"}],"wp:attachment":[{"href":"https:\/\/aliciaczerniak.com\/es\/wp-json\/wp\/v2\/media?parent=17"}],"curies":[{"name":"wp","href":"https:\/\/api.w.org\/{rel}","templated":true}]}}