{"id":15,"date":"2022-01-11T11:03:32","date_gmt":"2022-01-11T11:03:32","guid":{"rendered":"https:\/\/aliciaczerniak.com\/?page_id=15"},"modified":"2022-04-20T16:58:59","modified_gmt":"2022-04-20T16:58:59","slug":"retrospectiva","status":"publish","type":"page","link":"https:\/\/aliciaczerniak.com\/es\/retrospectiva","title":{"rendered":"RETROSPECTIVA"},"content":{"rendered":"[vc_row][vc_column width=\u00bb1\/3&#8243;][vc_empty_space height=\u00bb62px\u00bb][vc_column_text css=\u00bb.vc_custom_1650473895991{margin-bottom: 0px !important;}\u00bb]\n<blockquote>\n<p><span class=\"text-danger\"><em>C<\/em><\/span><em><strong>ada vez somos m\u00e1s conscientes de nuestra conexi\u00f3n con el Universo.<\/strong><br \/>\n<\/em><em><br \/>\n<span class=\"text-danger\">S<\/span><strong>omos hijos del Cosmos buscando el camino de regreso.<\/strong><\/em><\/p>\n<footer class=\"text-right\"><em>Alicia Czerniak<\/em><\/footer>\n<\/blockquote>\n<hr class=\"hr2\" \/>\n<footer class=\"text-right\"><\/footer>\n[\/vc_column_text][\/vc_column][vc_column width=\u00bb2\/3&#8243;][vc_column_text align=\u00bbcenter\u00bb css=\u00bb.vc_custom_1645727721235{margin-bottom: 0px !important;}\u00bb]\n<h3 class=\"text-left\">Encuentros en el espacio<\/h3>\n[\/vc_column_text][mk_gallery images=\u00bb172,156,153,159,174,173,158,167,170,162,168,160,157,169,171,165,697,155,163,164&#8243; column=\u00bb4&#8243; image_size=\u00bbfull\u00bb item_spacing=\u00bb12&#8243; collection_title=\u00bbRetrospectiva | Galer\u00eda\u00bb orderby=\u00bbpost__in\u00bb][\/vc_column][\/vc_row][vc_row disable_element=\u00bbyes\u00bb][vc_column width=\u00bb1\/4&#8243;][vc_column_text css=\u00bb.vc_custom_1645720627217{margin-bottom: 0px !important;}\u00bb]\n<blockquote>\n<p><span class=\"text-danger\"><em>C<\/em><\/span><em>ada vez somos m\u00e1s conscientes de nuestra conexi\u00f3n con el Universo.<br \/>\n<\/em><em><br \/>\n<span class=\"text-danger\">S<\/span>omos hijos del Cosmos buscando el camino de regreso.<\/em><\/p>\n<footer class=\"text-right\"><em>Alicia Czerniak<\/em><\/footer>\n<\/blockquote>\n<hr class=\"hr2\" \/>\n<h4>RETROSPECTIVA<\/h4>\n<p>Nuestro planeta est\u00e1 en transici\u00f3n, en evoluci\u00f3n, est\u00e1 trascendiendo\u2026<br \/>\nTambi\u00e9n nosotros estamos en transici\u00f3n. Ocurren muchos cambios en este momento en la Tierra. Cambios en el mundo f\u00edsico (material) y et\u00e9reo. Todo est\u00e1 trascendiendo a una nueva realidad. Nuestro campo de conciencia tambi\u00e9n se est\u00e1 expandiendo m\u00e1s y m\u00e1s.<br \/>\nLa Evoluci\u00f3n Extra-potencial se puede ver f\u00e1cilmente en la tecnolog\u00eda, pero la misma evoluci\u00f3n acelerada tambi\u00e9n ocurre en nuestra conciencia.<br \/>\nEstamos creciendo a pesar de nuestra propia resistencia a los cambios y el apego al pasado.<\/p>\n<h4>El Reto del Cambio<\/h4>\n<p>El apego a lo conocido y la resistencia al cambio est\u00e1n muy presentes en el ser humano. Personalmente, me ha costado mucho desaprender, olvidar, absolver todo lo aprendido. Los muchos a\u00f1os de estudios, el dominio del dibujo y de la pintura realista, para dedicarme ahora al arte abstracto. La necesidad interna de cambiar, evolucionar, era m\u00e1s fuerte.<br \/>\nLa Nueva Energ\u00eda presente ahora en la tierra, no vibra con las viejas nostalgias, las antiguas reglas y el estancamiento. Hay un empuje hacia el cambio, hay aceleraci\u00f3n y movimiento.<\/p>\n<p>Nuestro planeta se renueva. Y yo siento la necesidad de un cambio radical en mi pintura. Tambi\u00e9n en otros aspectos de mi vida\u2026 La necesidad de expresar el movimiento, la liberaci\u00f3n y la transici\u00f3n. Expresar lo que siento y no lo que s\u00e9, no lo que he aprendido, no lo que est\u00e1 en auge o considerado como supuesta \u201cvanguardia\u201d<\/p>\n<footer class=\"text-right\"><em>Alicia Czerniak<\/em><\/footer>\n[\/vc_column_text][\/vc_column][vc_column width=\u00bb3\/4&#8243;][vc_column_text css=\u00bb.vc_custom_1645721103724{margin-bottom: 0px !important;}\u00bb]\n<h3 class=\"text-left\">Encuentros en el espacio<\/h3>\n[\/vc_column_text][mk_gallery images=\u00bb172,156,153,159,174,173,158,167,170,162,168,160,157,169,171,165,166,155,163,164&#8243; column=\u00bb4&#8243; image_size=\u00bbfull\u00bb collection_title=\u00bbRetrospectiva | Galer\u00eda\u00bb orderby=\u00bbpost__in\u00bb][\/vc_column][\/vc_row][vc_row][vc_column width=\u00bb1\/6&#8243;][\/vc_column][vc_column width=\u00bb2\/3&#8243;][vc_empty_space][vc_single_image image=\u00bb493&#8243; img_size=\u00bbfull\u00bb alignment=\u00bbcenter\u00bb][\/vc_column][vc_column width=\u00bb1\/6&#8243;][\/vc_column][\/vc_row]\n","protected":false},"excerpt":{"rendered":"<p>[vc_row][vc_column width=\u00bb1\/3&#8243;][vc_empty_space height=\u00bb62px\u00bb][vc_column_text css=\u00bb.vc_custom_1650473895991{margin-bottom: 0px !important;}\u00bb] Cada vez somos m\u00e1s conscientes de nuestra conexi\u00f3n con el Universo. Somos hijos del Cosmos buscando el camino de regreso. Alicia Czerniak [\/vc_column_text][\/vc_column][vc_column width=\u00bb2\/3&#8243;][vc_column_text align=\u00bbcenter\u00bb css=\u00bb.vc_custom_1645727721235{margin-bottom: 0px !important;}\u00bb] Encuentros en el espacio [\/vc_column_text][mk_gallery images=\u00bb172,156,153,159,174,173,158,167,170,162,168,160,157,169,171,165,697,155,163,164&#8243; column=\u00bb4&#8243; image_size=\u00bbfull\u00bb item_spacing=\u00bb12&#8243; collection_title=\u00bbRetrospectiva | Galer\u00eda\u00bb orderby=\u00bbpost__in\u00bb][\/vc_column][\/vc_row][vc_row disable_element=\u00bbyes\u00bb][vc_column width=\u00bb1\/4&#8243;][vc_column_text css=\u00bb.vc_custom_1645720627217{margin-bottom: 0px !important;}\u00bb] Cada vez somos [&hellip;]<\/p>\n","protected":false},"author":1,"featured_media":162,"parent":0,"menu_order":0,"comment_status":"closed","ping_status":"closed","template":"","meta":{"footnotes":""},"class_list":["post-15","page","type-page","status-publish","has-post-thumbnail","hentry"],"_links":{"self":[{"href":"https:\/\/aliciaczerniak.com\/es\/wp-json\/wp\/v2\/pages\/15","targetHints":{"allow":["GET"]}}],"collection":[{"href":"https:\/\/aliciaczerniak.com\/es\/wp-json\/wp\/v2\/pages"}],"about":[{"href":"https:\/\/aliciaczerniak.com\/es\/wp-json\/wp\/v2\/types\/page"}],"author":[{"embeddable":true,"href":"https:\/\/aliciaczerniak.com\/es\/wp-json\/wp\/v2\/users\/1"}],"replies":[{"embeddable":true,"href":"https:\/\/aliciaczerniak.com\/es\/wp-json\/wp\/v2\/comments?post=15"}],"version-history":[{"count":28,"href":"https:\/\/aliciaczerniak.com\/es\/wp-json\/wp\/v2\/pages\/15\/revisions"}],"predecessor-version":[{"id":868,"href":"https:\/\/aliciaczerniak.com\/es\/wp-json\/wp\/v2\/pages\/15\/revisions\/868"}],"wp:featuredmedia":[{"embeddable":true,"href":"https:\/\/aliciaczerniak.com\/es\/wp-json\/wp\/v2\/media\/162"}],"wp:attachment":[{"href":"https:\/\/aliciaczerniak.com\/es\/wp-json\/wp\/v2\/media?parent=15"}],"curies":[{"name":"wp","href":"https:\/\/api.w.org\/{rel}","templated":true}]}}