{"id":13,"date":"2022-01-11T11:03:19","date_gmt":"2022-01-11T11:03:19","guid":{"rendered":"https:\/\/aliciaczerniak.com\/?page_id=13"},"modified":"2022-05-06T16:29:13","modified_gmt":"2022-05-06T16:29:13","slug":"obra-reciente","status":"publish","type":"page","link":"https:\/\/aliciaczerniak.com\/es\/obra-reciente","title":{"rendered":"OBRA RECIENTE"},"content":{"rendered":"[vc_row][vc_column width=\u00bb1\/3&#8243;][vc_empty_space height=\u00bb25px\u00bb][vc_column_text css=\u00bb.vc_custom_1645186188673{margin-bottom: 0px !important;}\u00bb]\n<h3 class=\"text-left\">Alicia Czerniak<\/h3>\n<hr class=\"hr2\" \/>\n<p><em>By \u00c1ngeles Hinojosa Tenllado.<\/em><\/p>\n<p>De la obra de Alicia Czerniak se desprende libertad y espiritualidad. La libertad de una pincelada vigorosa y gestual, pero representativa a la vez.<br \/>\nSu obra comunica y expresa esa idea de apertura hacia lo c\u00f3smico con una energ\u00eda que trasciende las fronteras del lienzo.<br \/>\nA trav\u00e9s de una gama crom\u00e1tica pulcra, primaria e intensa, Alicia Czerniak nos introduce en su universo pict\u00f3rico con una audacia que casi estremece. La contenci\u00f3n y el orden de sus primeras obras desembocan de una manera evidente en el predominio mat\u00e9rico y en un movimiento y dinamismo libres y sin complejos.<\/p>\n<p>\u2026 La obra de Alicia Czerniak supone una manera personal y diferente de enfrentarse al acto de creaci\u00f3n pict\u00f3rica y, aunque nos traslada a la memoria del expresionismo abstracto, su lirismo y su poes\u00eda nos introducen en un mundo creativo \u00fanico y singular.<\/p>\n<p>Una espl\u00e9ndida lecci\u00f3n de c\u00f3mo la sencillez de las formas puede conducir tambi\u00e9n a la belleza y a la reflexi\u00f3n m\u00e1s profunda.<\/p>\n<blockquote><p><em>\u00c1ngeles Hinojosa Tenllado<br \/>\n<\/em><\/p>\n<div class=\"txt-10\"><em>Antigua Curadora del Museo Nacional Reina Sof\u00eda (MNCARS) en Madrid,\u00a0Doctorado de Investigaci\u00f3n en Arte y Creaci\u00f3n<\/em><\/div>\n<\/blockquote>\n[\/vc_column_text][vc_empty_space height=\u00bb50px\u00bb][vc_empty_space height=\u00bb30px\u00bb][vc_single_image image=\u00bb79&#8243; img_size=\u00bbfull\u00bb alignment=\u00bbcenter\u00bb][vc_empty_space][vc_column_text css=\u00bb.vc_custom_1650473583002{margin-bottom: 0px !important;}\u00bb]\n<h3 class=\"text-left\">TRANSICIONES<\/h3>\n<hr class=\"hr2\" \/>\n<p><strong>Nuestro planeta est\u00e1 en transici\u00f3n, en evoluci\u00f3n, est\u00e1 trascendiendo.<\/strong><br \/>\nTambi\u00e9n nosotros estamos en transici\u00f3n. Ocurren muchos cambios en este momento en la Tierra. Cambios en el mundo f\u00edsico (material) y et\u00e9reo. Todo est\u00e1 trascendiendo a una nueva realidad. Nuestro campo de conciencia tambi\u00e9n se est\u00e1 expandiendo m\u00e1s y m\u00e1s.<br \/>\nLa Evoluci\u00f3n Extra-potencial se puede ver f\u00e1cilmente en la tecnolog\u00eda, pero la misma evoluci\u00f3n acelerada tambi\u00e9n ocurre en nuestra conciencia.<br \/>\nEstamos creciendo a pesar de nuestra propia resistencia a los cambios y el apego al pasado.[\/vc_column_text][vc_empty_space height=\u00bb50px\u00bb][vc_single_image image=\u00bb111&#8243; img_size=\u00bbfull\u00bb alignment=\u00bbcenter\u00bb][vc_empty_space][vc_column_text css=\u00bb.vc_custom_1645609904980{margin-bottom: 0px !important;}\u00bb]\n<h3 class=\"text-left\">LIBERATIONS<\/h3>\n<hr class=\"hr2\" \/>\n<p>Encontrar nuestra <b>Libertad<\/b>, es permitir que nuestra Alma se exprese libremente.<\/p>\n<p>Liberarse de las limitaciones, del<span class=\"Apple-converted-space\">\u00a0 <\/span>acondicionamiento del pasado, de<span class=\"Apple-converted-space\">\u00a0 <\/span>pensamientos<span class=\"Apple-converted-space\">\u00a0 <\/span>\u201cenclaustrados\u201d, de las reglas y \u201cverdades\u201d impuestas, seguidas sin raz\u00f3n, sin<span class=\"Apple-converted-space\">\u00a0 <\/span>jam\u00e1s ser verificadas ni justificadas. Romper con las modas o cualquier otra imposici\u00f3n.<\/p>\n<p>&nbsp;<\/p>\n<p><b>El Alma anhela liberarse.<\/b><br \/>\nLiberarse<span class=\"Apple-converted-space\">\u00a0 <\/span>del enceramiento dentro<span class=\"Apple-converted-space\">\u00a0 <\/span>de la forma concreta y definida.[\/vc_column_text][\/vc_column][vc_column width=\u00bb2\/3&#8243;][mk_gallery images=\u00bb79,98,78,73,111,67,84,109,64,95,74,68,105,100,99,88&#8243; column=\u00bb4&#8243; image_size=\u00bbfull\u00bb item_spacing=\u00bb25&#8243; orderby=\u00bbpost__in\u00bb][vc_empty_space height=\u00bb20px\u00bb][vc_column_text align=\u00bbcenter\u00bb css=\u00bb.vc_custom_1646845478955{margin-bottom: 0px !important;}\u00bb]\n<h4><strong>Cosmic Travellers<span class=\"Apple-converted-space\">\u00a0<\/span><\/strong><\/h4>\n[\/vc_column_text][vc_empty_space height=\u00bb20px\u00bb][vc_single_image image=\u00bb80&#8243; img_size=\u00bbfull\u00bb alignment=\u00bbcenter\u00bb][vc_column_text align=\u00bbcenter\u00bb css=\u00bb.vc_custom_1651854031601{margin-bottom: 0px !important;}\u00bb]<i>Somos hijos del Cosmos<span class=\"Apple-converted-space\">\u00a0 <\/span><br \/>\nHijos de las Estrellas buscando el camino de regreso<\/i>[\/vc_column_text][vc_empty_space height=\u00bb20px\u00bb][vc_separator color=\u00bbcustom\u00bb accent_color=\u00bb#c20116&#8243;][mk_gallery images=\u00bb76,103,110,62,69,82,72,94&#8243; column=\u00bb4&#8243; image_size=\u00bbfull\u00bb item_spacing=\u00bb25&#8243; orderby=\u00bbpost__in\u00bb][vc_empty_space height=\u00bb20px\u00bb][vc_column_text align=\u00bbcenter\u00bb css=\u00bb.vc_custom_1651854108972{margin-bottom: 0px !important;}\u00bb]\n<h4><strong> El Alma anhela liberarse,\u2028 <\/strong><\/h4>\n<p>Liberarse<span class=\"Apple-converted-space\">\u00a0 <\/span>del enceramiento dentro<span class=\"Apple-converted-space\">\u00a0 <\/span>de la forma concreta y definida.[\/vc_column_text][vc_single_image image=\u00bb645&#8243; img_size=\u00bbmedium\u00bb alignment=\u00bbcenter\u00bb][vc_column_text align=\u00bbcenter\u00bb css=\u00bb.vc_custom_1651854547059{margin-bottom: 0px !important;}\u00bb]\n<h4><strong>LIBERACI\u00d3N DE LA FORMA<\/strong><\/h4>\n<p>Al dejar de ejercer excesivo control sobre la FORMA, y la definici\u00f3n r\u00edgida las formas se liberan, dejan de estar encerradas, encarceladas, se vuelven flexibles, cambiantes, vivas, pueden moverse, liberar su Energ\u00eda y su Esencia.[\/vc_column_text][vc_empty_space height=\u00bb20px\u00bb][vc_separator color=\u00bbcustom\u00bb accent_color=\u00bb#c20116&#8243;][mk_gallery images=\u00bb661,669,674,83&#8243; column=\u00bb4&#8243; image_size=\u00bbfull\u00bb item_spacing=\u00bb25&#8243; orderby=\u00bbpost__in\u00bb][vc_column_text align=\u00bbcenter\u00bb css=\u00bb.vc_custom_1646849751973{margin-bottom: 0px !important;}\u00bb]\n<h4>Los S\u00edmbolos<\/h4>\n<p>El signo <strong>SIGEL<\/strong>\u00a0\/\u00a0Sowelu<\/p>\n<p>Es el s\u00edmbolo de mayor Poder.<br \/>\nSigno de conexi\u00f3n con nuestro Poder Interior.<\/p>\n[\/vc_column_text][vc_single_image image=\u00bb662&#8243; img_size=\u00bbmedium\u00bb alignment=\u00bbcenter\u00bb][vc_column_text align=\u00bbcenter\u00bb css=\u00bb.vc_custom_1646850409002{margin-bottom: 0px !important;}\u00bb]En algunas ocasiones hemos dejado este s\u00edmbolo de Poder en las manos de las fuerzas negativas.<\/p>\n<h5>Ahora es el tiempo de recuperar nuestro Poder. Despertar,<\/h5>\n<p>Unificar, Evolucionar.\u00a0Recuperar nuestro <b>Poder Interior<\/b>[\/vc_column_text][vc_empty_space height=\u00bb20px\u00bb][vc_separator color=\u00bbcustom\u00bb accent_color=\u00bb#c20116&#8243;][mk_gallery images=\u00bb664,86,107,85,81,75,70,97,60,59,102,101,106,104,89,87,108,63,96,66&#8243; column=\u00bb4&#8243; image_size=\u00bbfull\u00bb item_spacing=\u00bb25&#8243; orderby=\u00bbpost__in\u00bb][\/vc_column][\/vc_row][vc_row disable_element=\u00bbyes\u00bb][vc_column width=\u00bb1\/3&#8243;][vc_column_text css=\u00bb.vc_custom_1645186188673{margin-bottom: 0px !important;}\u00bb]\n<h3 class=\"text-left\">Alicia Czerniak<\/h3>\n<hr class=\"hr2\" \/>\n<p><em>By \u00c1ngeles Hinojosa Tenllado.<\/em><\/p>\n<p>De la obra de Alicia Czerniak se desprende libertad y espiritualidad. La libertad de una pincelada vigorosa y gestual, pero representativa a la vez.<br \/>\nSu obra comunica y expresa esa idea de apertura hacia lo c\u00f3smico con una energ\u00eda que trasciende las fronteras del lienzo.<br \/>\nA trav\u00e9s de una gama crom\u00e1tica pulcra, primaria e intensa, Alicia Czerniak nos introduce en su universo pict\u00f3rico con una audacia que casi estremece. La contenci\u00f3n y el orden de sus primeras obras desembocan de una manera evidente en el predominio mat\u00e9rico y en un movimiento y dinamismo libres y sin complejos.<\/p>\n<p>\u2026 La obra de Alicia Czerniak supone una manera personal y diferente de enfrentarse al acto de creaci\u00f3n pict\u00f3rica y, aunque nos traslada a la memoria del expresionismo abstracto, su lirismo y su poes\u00eda nos introducen en un mundo creativo \u00fanico y singular.<\/p>\n<p>Una espl\u00e9ndida lecci\u00f3n de c\u00f3mo la sencillez de las formas puede conducir tambi\u00e9n a la belleza y a la reflexi\u00f3n m\u00e1s profunda.<\/p>\n<blockquote><p><em>\u00c1ngeles Hinojosa Tenllado<br \/>\n<\/em><\/p>\n<div class=\"txt-10\"><em>Antigua Curadora del Museo Nacional Reina Sof\u00eda (MNCARS) en Madrid,\u00a0Doctorado de Investigaci\u00f3n en Arte y Creaci\u00f3n<\/em><\/div>\n<\/blockquote>\n[\/vc_column_text][vc_empty_space height=\u00bb50px\u00bb][vc_empty_space height=\u00bb30px\u00bb][vc_single_image image=\u00bb79&#8243; img_size=\u00bbfull\u00bb alignment=\u00bbcenter\u00bb][vc_empty_space][vc_column_text css=\u00bb.vc_custom_1645184462458{margin-bottom: 0px !important;}\u00bb]\n<h3 class=\"text-left\">TRANSICIONES<\/h3>\n<hr class=\"hr2\" \/>\n<p>Nuestro planeta est\u00e1 en transici\u00f3n, en evoluci\u00f3n, est\u00e1 trascendiendo\u2026<br \/>\nTambi\u00e9n nosotros estamos en transici\u00f3n. Ocurren muchos cambios en este momento en la Tierra. Cambios en el mundo f\u00edsico (material) y et\u00e9reo. Todo est\u00e1 trascendiendo a una nueva realidad. Nuestro campo de conciencia tambi\u00e9n se est\u00e1 expandiendo m\u00e1s y m\u00e1s.<br \/>\nLa Evoluci\u00f3n Extra-potencial se puede ver f\u00e1cilmente en la tecnolog\u00eda, pero la misma evoluci\u00f3n acelerada tambi\u00e9n ocurre en nuestra conciencia.<br \/>\nEstamos creciendo a pesar de nuestra propia resistencia a los cambios y el apego al pasado.[\/vc_column_text][vc_empty_space height=\u00bb50px\u00bb][vc_single_image image=\u00bb111&#8243; img_size=\u00bbfull\u00bb alignment=\u00bbcenter\u00bb][vc_empty_space][vc_column_text css=\u00bb.vc_custom_1645609904980{margin-bottom: 0px !important;}\u00bb]\n<h3 class=\"text-left\">LIBERATIONS<\/h3>\n<hr class=\"hr2\" \/>\n<p>Encontrar nuestra <b>Libertad<\/b>, es permitir que nuestra Alma se exprese libremente.<\/p>\n<p>Liberarse de las limitaciones, del<span class=\"Apple-converted-space\">\u00a0 <\/span>acondicionamiento del pasado, de<span class=\"Apple-converted-space\">\u00a0 <\/span>pensamientos<span class=\"Apple-converted-space\">\u00a0 <\/span>\u201cenclaustrados\u201d, de las reglas y \u201cverdades\u201d impuestas, seguidas sin raz\u00f3n, sin<span class=\"Apple-converted-space\">\u00a0 <\/span>jam\u00e1s ser verificadas ni justificadas. Romper con las modas o cualquier otra imposici\u00f3n.<\/p>\n<p>&nbsp;<\/p>\n<p><b>El Alma anhela liberarse.<\/b><br \/>\nLiberarse<span class=\"Apple-converted-space\">\u00a0 <\/span>del enceramiento dentro<span class=\"Apple-converted-space\">\u00a0 <\/span>de la forma concreta y definida.[\/vc_column_text][\/vc_column][vc_column width=\u00bb2\/3&#8243;][mk_gallery images=\u00bb79,98,78,73,111,67,84,109,64,95,74,68,105,100,99,88&#8243; column=\u00bb4&#8243; image_size=\u00bbfull\u00bb item_spacing=\u00bb25&#8243; orderby=\u00bbpost__in\u00bb][vc_separator color=\u00bbcustom\u00bb accent_color=\u00bb#c20116&#8243;][vc_empty_space height=\u00bb20px\u00bb][vc_column_text align=\u00bbcenter\u00bb css=\u00bb.vc_custom_1646844085118{margin-bottom: 0px !important;}\u00bb]<strong><span class=\"text-danger\"><em>C<\/em><\/span><em>ada vez somos m\u00e1s conscientes de nuestra conexi\u00f3n\u00a0con el Universo.<br \/>\n<\/em><em><br \/>\n<span class=\"text-danger\">S<\/span>omos hijos del Cosmos buscando el camino de regreso.<\/em><\/strong><\/p>\n<footer class=\"text-right\"><em><strong>Alicia Czerniak<\/strong><\/em><\/footer>\n[\/vc_column_text][vc_column_text align=\u00bbcenter\u00bb css=\u00bb.vc_custom_1646844183096{margin-bottom: 0px !important;}\u00bb]\n<h3 class=\"text-left\">TRANSICIONES<\/h3>\n<hr class=\"hr2\" \/>\n<p>Nuestro planeta est\u00e1 en transici\u00f3n, en evoluci\u00f3n, est\u00e1 trascendiendo\u2026<br \/>\nTambi\u00e9n nosotros estamos en transici\u00f3n. Ocurren muchos cambios en este momento en la Tierra. Cambios en el mundo f\u00edsico (material) y et\u00e9reo. Todo est\u00e1 trascendiendo a una nueva realidad. Nuestro campo de conciencia tambi\u00e9n se est\u00e1 expandiendo m\u00e1s y m\u00e1s.<br \/>\nLa Evoluci\u00f3n Extra-potencial se puede ver f\u00e1cilmente en la tecnolog\u00eda, pero la misma evoluci\u00f3n acelerada tambi\u00e9n ocurre en nuestra conciencia.<br \/>\nEstamos creciendo a pesar de nuestra propia resistencia a los cambios y el apego al pasado.[\/vc_column_text][vc_empty_space height=\u00bb20px\u00bb][vc_separator color=\u00bbcustom\u00bb accent_color=\u00bb#c20116&#8243;][mk_gallery images=\u00bb69,82,72,94,76,103,110,62,80,65,71,77,83,86,96,85,81,75,70,97,92,93,91,90,60,59,102,101,106,104,89,87,108,63,107,66&#8243; column=\u00bb4&#8243; image_size=\u00bbfull\u00bb item_spacing=\u00bb25&#8243; orderby=\u00bbpost__in\u00bb][\/vc_column][\/vc_row]\n","protected":false},"excerpt":{"rendered":"<p>[vc_row][vc_column width=\u00bb1\/3&#8243;][vc_empty_space height=\u00bb25px\u00bb][vc_column_text css=\u00bb.vc_custom_1645186188673{margin-bottom: 0px !important;}\u00bb] Alicia Czerniak By \u00c1ngeles Hinojosa Tenllado. De la obra de Alicia Czerniak se desprende libertad y espiritualidad. La libertad de una pincelada vigorosa y gestual, pero representativa a la vez. Su obra comunica y expresa esa idea de apertura hacia lo c\u00f3smico con una energ\u00eda que trasciende las fronteras [&hellip;]<\/p>\n","protected":false},"author":1,"featured_media":0,"parent":0,"menu_order":0,"comment_status":"closed","ping_status":"closed","template":"","meta":{"footnotes":""},"class_list":["post-13","page","type-page","status-publish","hentry"],"_links":{"self":[{"href":"https:\/\/aliciaczerniak.com\/es\/wp-json\/wp\/v2\/pages\/13","targetHints":{"allow":["GET"]}}],"collection":[{"href":"https:\/\/aliciaczerniak.com\/es\/wp-json\/wp\/v2\/pages"}],"about":[{"href":"https:\/\/aliciaczerniak.com\/es\/wp-json\/wp\/v2\/types\/page"}],"author":[{"embeddable":true,"href":"https:\/\/aliciaczerniak.com\/es\/wp-json\/wp\/v2\/users\/1"}],"replies":[{"embeddable":true,"href":"https:\/\/aliciaczerniak.com\/es\/wp-json\/wp\/v2\/comments?post=13"}],"version-history":[{"count":104,"href":"https:\/\/aliciaczerniak.com\/es\/wp-json\/wp\/v2\/pages\/13\/revisions"}],"predecessor-version":[{"id":1275,"href":"https:\/\/aliciaczerniak.com\/es\/wp-json\/wp\/v2\/pages\/13\/revisions\/1275"}],"wp:attachment":[{"href":"https:\/\/aliciaczerniak.com\/es\/wp-json\/wp\/v2\/media?parent=13"}],"curies":[{"name":"wp","href":"https:\/\/api.w.org\/{rel}","templated":true}]}}